{"id":538,"date":"2022-09-26T16:37:18","date_gmt":"2022-09-26T13:37:18","guid":{"rendered":"https:\/\/serapkirkit.com\/about-me\/"},"modified":"2024-02-23T03:58:07","modified_gmt":"2024-02-23T00:58:07","slug":"about-me","status":"publish","type":"page","link":"https:\/\/serapkirkit.com\/en\/about-me\/","title":{"rendered":"About Me"},"content":{"rendered":"<div class=\"wp-block-image\">\r\n<figure class=\"alignleft size-full is-resized\"><img loading=\"lazy\" decoding=\"async\" src=\"https:\/\/serapkirkit.com\/wp-content\/uploads\/2022\/09\/serap-kirkit-cv.jpg\" alt=\"\" class=\"wp-image-468\" width=\"487\" height=\"502\" srcset=\"https:\/\/serapkirkit.com\/wp-content\/uploads\/2022\/09\/serap-kirkit-cv.jpg 350w, https:\/\/serapkirkit.com\/wp-content\/uploads\/2022\/09\/serap-kirkit-cv-291x300.jpg 291w\" sizes=\"auto, (max-width: 487px) 100vw, 487px\" \/><\/figure>\r\n<\/div>\r\n<p>I graduated from METU, Department of Business Administration. I wanted to continue my business life in the field of psychology, which I met and loved during my university years. I attended the California Southern University Master of Arts in Psychology program. In this 4 years of Marriage and Family Therapy Master Program;&#13;\r\nI received theoretical and practical training on; <\/p>\r\n\r\n<p><img loading=\"lazy\" decoding=\"async\" width=\"20\" height=\"19\" class=\"wp-image-422\" style=\"width: 20px;\" src=\"https:\/\/serapkirkit.com\/wp-content\/uploads\/2022\/09\/yaprak4.jpg\" alt=\"\"\/> Counseling Theories and Strategies<br\/><img loading=\"lazy\" decoding=\"async\" width=\"20\" height=\"19\" class=\"wp-image-422\" style=\"width: 20px;\" src=\"https:\/\/serapkirkit.com\/wp-content\/uploads\/2022\/09\/yaprak4.jpg\" alt=\"\"\/> Ethical and Legal Issues in Therapy<br\/><img loading=\"lazy\" decoding=\"async\" width=\"20\" height=\"19\" class=\"wp-image-422\" style=\"width: 20px;\" src=\"https:\/\/serapkirkit.com\/wp-content\/uploads\/2022\/09\/yaprak4.jpg\" alt=\"\"\/> Culture and Diversity in Counseling<br\/><img loading=\"lazy\" decoding=\"async\" width=\"20\" height=\"19\" class=\"wp-image-422\" style=\"width: 20px;\" src=\"https:\/\/serapkirkit.com\/wp-content\/uploads\/2022\/09\/yaprak4.jpg\" alt=\"\"\/> Lifespan Development<br\/><img loading=\"lazy\" decoding=\"async\" width=\"20\" height=\"19\" class=\"wp-image-422\" style=\"width: 20px;\" src=\"https:\/\/serapkirkit.com\/wp-content\/uploads\/2022\/09\/yaprak4.jpg\" alt=\"\"\/> Psychopathology<br\/><img loading=\"lazy\" decoding=\"async\" width=\"20\" height=\"19\" class=\"wp-image-422\" style=\"width: 20px;\" src=\"https:\/\/serapkirkit.com\/wp-content\/uploads\/2022\/09\/yaprak4.jpg\" alt=\"\"\/> Systems of Family Therapy<br\/><img loading=\"lazy\" decoding=\"async\" width=\"20\" height=\"19\" class=\"wp-image-422\" style=\"width: 20px;\" src=\"https:\/\/serapkirkit.com\/wp-content\/uploads\/2022\/09\/yaprak4.jpg\" alt=\"\"\/> Substance Use and Related Disorders<br\/><img loading=\"lazy\" decoding=\"async\" width=\"20\" height=\"19\" class=\"wp-image-422\" style=\"width: 20px;\" src=\"https:\/\/serapkirkit.com\/wp-content\/uploads\/2022\/09\/yaprak4.jpg\" alt=\"\"\/> Child and Adolescent Therapy<br\/><img loading=\"lazy\" decoding=\"async\" width=\"20\" height=\"19\" class=\"wp-image-422\" style=\"width: 20px;\" src=\"https:\/\/serapkirkit.com\/wp-content\/uploads\/2022\/09\/yaprak4.jpg\" alt=\"\"\/> Couples and Sex Therapy<br\/><img loading=\"lazy\" decoding=\"async\" width=\"20\" height=\"19\" class=\"wp-image-422\" style=\"width: 20px;\" src=\"https:\/\/serapkirkit.com\/wp-content\/uploads\/2022\/09\/yaprak4.jpg\" alt=\"\"\/> Group Counseling<br\/><img loading=\"lazy\" decoding=\"async\" width=\"20\" height=\"19\" class=\"wp-image-422\" style=\"width: 20px;\" src=\"https:\/\/serapkirkit.com\/wp-content\/uploads\/2022\/09\/yaprak4.jpg\" alt=\"\"\/> Assessment Techniques in Therapy<br\/><img loading=\"lazy\" decoding=\"async\" width=\"20\" height=\"19\" class=\"wp-image-422\" style=\"width: 20px;\" src=\"https:\/\/serapkirkit.com\/wp-content\/uploads\/2022\/09\/yaprak4.jpg\" alt=\"\"\/> Crisis and Trauma Counseling<br\/><img loading=\"lazy\" decoding=\"async\" width=\"20\" height=\"19\" class=\"wp-image-422\" style=\"width: 20px;\" src=\"https:\/\/serapkirkit.com\/wp-content\/uploads\/2022\/09\/yaprak4.jpg\" alt=\"\"\/> Research Methods and Statistics &#13;\r\n&#13;\r\nsubjects.<\/p>\r\n\r\n<p>I graduated from Newport University, Bachelor of Behavioral Sciences and ATAUNI, Bachelor of Social Services. I completed 126 hours of Coaching Training (Coactive training) given by the Co-Active Training Institute (CTI) in London. Besides, I received the Organization and Relationship Systems training given by CRR Global in England &#8211; Manchester.I completed the 3-year Systemic Family Constellation Program of Turkey System Constellation Institute, founded by Mehmet Zarars\u0131zo\u011flu.I finished Y\u0131ld\u0131z Technical University Family Counseling Certificate Program.I attended the Couple and Family Therapy Training Program given by IFT\u0130 &#8211; Murat Dokur within the scope of European Family Therapy Association Training Programs(EFTA-TIC).<\/p>\r\n","protected":false},"excerpt":{"rendered":"<p>I graduated from METU, Department of Business Administration. I wanted to continue my business life in the field of psychology, which I met and loved during my university years. I attended the California Southern University Master of Arts in Psychology program. In this 4 years of Marriage and Family Therapy Master Program;&#13; I received theoretical&hellip;&nbsp;<a href=\"https:\/\/serapkirkit.com\/en\/about-me\/\" rel=\"bookmark\">Read More &raquo;<span class=\"screen-reader-text\">About Me<\/span><\/a><\/p>\n","protected":false},"author":1,"featured_media":0,"parent":0,"menu_order":0,"comment_status":"closed","ping_status":"closed","template":"","meta":{"neve_meta_sidebar":"","neve_meta_container":"","neve_meta_enable_content_width":"off","neve_meta_content_width":100,"neve_meta_title_alignment":"","neve_meta_author_avatar":"","neve_post_elements_order":"","neve_meta_disable_header":"","neve_meta_disable_footer":"","neve_meta_disable_title":"","footnotes":""},"class_list":["post-538","page","type-page","status-publish","hentry"],"_links":{"self":[{"href":"https:\/\/serapkirkit.com\/en\/wp-json\/wp\/v2\/pages\/538","targetHints":{"allow":["GET"]}}],"collection":[{"href":"https:\/\/serapkirkit.com\/en\/wp-json\/wp\/v2\/pages"}],"about":[{"href":"https:\/\/serapkirkit.com\/en\/wp-json\/wp\/v2\/types\/page"}],"author":[{"embeddable":true,"href":"https:\/\/serapkirkit.com\/en\/wp-json\/wp\/v2\/users\/1"}],"replies":[{"embeddable":true,"href":"https:\/\/serapkirkit.com\/en\/wp-json\/wp\/v2\/comments?post=538"}],"version-history":[{"count":9,"href":"https:\/\/serapkirkit.com\/en\/wp-json\/wp\/v2\/pages\/538\/revisions"}],"predecessor-version":[{"id":608,"href":"https:\/\/serapkirkit.com\/en\/wp-json\/wp\/v2\/pages\/538\/revisions\/608"}],"wp:attachment":[{"href":"https:\/\/serapkirkit.com\/en\/wp-json\/wp\/v2\/media?parent=538"}],"curies":[{"name":"wp","href":"https:\/\/api.w.org\/{rel}","templated":true}]}}